{"id":5570,"date":"2026-03-17T15:24:56","date_gmt":"2026-03-17T15:24:56","guid":{"rendered":"https:\/\/www.allmicroalgae.com\/?page_id=5570"},"modified":"2026-04-21T09:51:23","modified_gmt":"2026-04-21T09:51:23","slug":"projeto-greenferm","status":"publish","type":"page","link":"https:\/\/www.allmicroalgae.com\/pt-pt\/projeto-greenferm\/","title":{"rendered":"Projeto GreenFerm"},"content":{"rendered":"[vc_row type=&#8221;full_width_content&#8221; full_screen_row_position=&#8221;middle&#8221; column_margin=&#8221;20px&#8221; equal_height=&#8221;yes&#8221; content_placement=&#8221;top&#8221; column_direction=&#8221;default&#8221; column_direction_tablet=&#8221;default&#8221; column_direction_phone=&#8221;default&#8221; bg_color=&#8221;#f0f2f6&#8243; scene_position=&#8221;center&#8221; top_padding=&#8221;4%&#8221; constrain_group_1=&#8221;yes&#8221; bottom_padding=&#8221;4%&#8221; left_padding_desktop=&#8221;5%&#8221; constrain_group_2=&#8221;yes&#8221; right_padding_desktop=&#8221;5%&#8221; left_padding_phone=&#8221;14px&#8221; constrain_group_6=&#8221;yes&#8221; right_padding_phone=&#8221;14px&#8221; text_color=&#8221;dark&#8221; text_align=&#8221;left&#8221; row_border_radius=&#8221;none&#8221; row_border_radius_applies=&#8221;bg&#8221; zindex=&#8221;10&#8243; overflow=&#8221;visible&#8221; advanced_gradient_angle=&#8221;0&#8243; overlay_strength=&#8221;0.3&#8243; gradient_direction=&#8221;left_to_right&#8221; shape_divider_position=&#8221;bottom&#8221; bg_image_animation=&#8221;none&#8221; shape_type=&#8221;&#8221; gradient_type=&#8221;default&#8221;][vc_column top_padding_desktop=&#8221;4vw&#8221; constrain_group_100=&#8221;yes&#8221; bottom_padding_desktop=&#8221;4vw&#8221; left_padding_desktop=&#8221;4vw&#8221; constrain_group_101=&#8221;yes&#8221; right_padding_desktop=&#8221;4vw&#8221; top_padding_tablet=&#8221;8vw&#8221; constrain_group_102=&#8221;yes&#8221; bottom_padding_tablet=&#8221;8vw&#8221; left_padding_tablet=&#8221;8vw&#8221; constrain_group_103=&#8221;yes&#8221; right_padding_tablet=&#8221;8vw&#8221; bottom_margin_tablet=&#8221;20&#8243; column_element_direction_desktop=&#8221;default&#8221; column_element_spacing=&#8221;0px&#8221; desktop_text_alignment=&#8221;default&#8221; tablet_text_alignment=&#8221;default&#8221; phone_text_alignment=&#8221;default&#8221; background_color=&#8221;#ffffff&#8221; background_color_opacity=&#8221;1&#8243; background_hover_color_opacity=&#8221;1&#8243; column_backdrop_filter=&#8221;none&#8221; column_shadow=&#8221;none&#8221; column_border_radius=&#8221;15px&#8221; column_link_target=&#8221;_self&#8221; column_position=&#8221;default&#8221; overflow=&#8221;hidden&#8221; advanced_gradient_angle=&#8221;0&#8243; gradient_direction=&#8221;left_to_right&#8221; overlay_strength=&#8221;0.3&#8243; width=&#8221;7\/12&#8243; tablet_width_inherit=&#8221;default&#8221; animation_type=&#8221;default&#8221; bg_image_animation=&#8221;none&#8221; border_type=&#8221;simple&#8221; column_border_width=&#8221;none&#8221; column_border_color=&#8221;rgba(10,10,10,0.1)&#8221; column_border_style=&#8221;solid&#8221; gradient_type=&#8221;default&#8221; column_padding_type=&#8221;advanced&#8221;][image_with_animation image_url=&#8221;5564&#8243; image_size=&#8221;full&#8221; animation_type=&#8221;entrance&#8221; animation=&#8221;None&#8221; animation_movement_type=&#8221;transform_y&#8221; hover_animation=&#8221;none&#8221; alignment=&#8221;&#8221; border_radius=&#8221;none&#8221; box_shadow=&#8221;none&#8221; image_loading=&#8221;default&#8221; max_width=&#8221;100%&#8221; max_width_mobile=&#8221;default&#8221;][image_with_animation image_size=&#8221;full&#8221; animation_type=&#8221;entrance&#8221; animation=&#8221;None&#8221; animation_movement_type=&#8221;transform_y&#8221; hover_animation=&#8221;none&#8221; alignment=&#8221;&#8221; border_radius=&#8221;none&#8221; box_shadow=&#8221;none&#8221; image_loading=&#8221;default&#8221; max_width=&#8221;100%&#8221; max_width_mobile=&#8221;default&#8221;][vc_row_inner column_margin=&#8221;custom&#8221; column_direction=&#8221;default&#8221; column_direction_tablet=&#8221;default&#8221; column_direction_phone=&#8221;default&#8221; text_align=&#8221;left&#8221; row_position=&#8221;default&#8221; row_position_tablet=&#8221;inherit&#8221; row_position_phone=&#8221;inherit&#8221; overflow=&#8221;visible&#8221; pointer_events=&#8221;all&#8221;][vc_column_inner column_padding=&#8221;no-extra-padding&#8221; column_padding_tablet=&#8221;inherit&#8221; column_padding_phone=&#8221;inherit&#8221; column_padding_position=&#8221;all&#8221; column_element_direction_desktop=&#8221;default&#8221; column_element_spacing=&#8221;default&#8221; desktop_text_alignment=&#8221;default&#8221; tablet_text_alignment=&#8221;default&#8221; phone_text_alignment=&#8221;default&#8221; background_color_opacity=&#8221;1&#8243; background_hover_color_opacity=&#8221;1&#8243; column_backdrop_filter=&#8221;none&#8221; column_shadow=&#8221;none&#8221; column_border_radius=&#8221;none&#8221; column_link_target=&#8221;_self&#8221; overflow=&#8221;visible&#8221; gradient_direction=&#8221;left_to_right&#8221; overlay_strength=&#8221;0.3&#8243; width=&#8221;1\/1&#8243; tablet_width_inherit=&#8221;default&#8221; animation_type=&#8221;default&#8221; bg_image_animation=&#8221;none&#8221; border_type=&#8221;simple&#8221; column_border_width=&#8221;none&#8221; column_border_style=&#8221;solid&#8221;][nectar_responsive_text inherited_font_style=&#8221;default&#8221; text_direction=&#8221;default&#8221;]<span style=\"color: #999999;\">O projeto <span style=\"color: #808080;\"><strong>GreenFerm<\/strong><\/span> tem como objetivo revolucionar a sustentabilidade da produ\u00e7\u00e3o de microalgas atrav\u00e9s da otimiza\u00e7\u00e3o do cultivo heterotr\u00f3fico. O principal objetivo \u00e9 reduzir significativamente a pegada ambiental e os custos de produ\u00e7\u00e3o da biomassa de microalgas, baseando o processo num modelo circular.<\/span><\/p>\n<p><span style=\"color: #999999;\">A estrat\u00e9gia assenta numa abordagem tripla: primeiro, integrar subprodutos agroalimentares de baixo custo como fontes alternativas de carbono; segundo, implementar estrat\u00e9gias de efici\u00eancia energ\u00e9tica; e terceiro, valorizar correntes de CO\u2082 atrav\u00e9s da sua reutiliza\u00e7\u00e3o no processo.<\/span><\/p>\n<p><span style=\"color: #999999;\">Esta abordagem integrada visa produzir biomassa com perfis nutricionais melhorados, especificamente rica em prote\u00ednas ou \u03b2-glucanos. O cons\u00f3rcio trabalhar\u00e1 para otimizar os par\u00e2metros dos fermentadores, melhorar a produtividade global e realizar uma avalia\u00e7\u00e3o abrangente da sustentabilidade, incluindo a an\u00e1lise de ciclo de vida e estudos de viabilidade econ\u00f3mica.<\/span>[\/nectar_responsive_text][vc_column_text css=&#8221;&#8221; text_direction=&#8221;default&#8221;]\n<h6><span style=\"color: #99cc00;\"><strong>Copromotores:<\/strong><\/span><\/h6>\n[\/vc_column_text][nectar_responsive_text inherited_font_style=&#8221;default&#8221; text_direction=&#8221;default&#8221;]<span style=\"color: #999999;\">Allmicroalgae, Universidade do Minho, GreenCoLab<\/span>[\/nectar_responsive_text][image_with_animation image_size=&#8221;full&#8221; animation_type=&#8221;entrance&#8221; animation=&#8221;None&#8221; animation_movement_type=&#8221;transform_y&#8221; hover_animation=&#8221;none&#8221; alignment=&#8221;&#8221; border_radius=&#8221;none&#8221; box_shadow=&#8221;none&#8221; image_loading=&#8221;default&#8221; max_width=&#8221;100%&#8221; max_width_mobile=&#8221;default&#8221;][image_with_animation image_url=&#8221;5546&#8243; image_size=&#8221;full&#8221; animation_type=&#8221;entrance&#8221; animation=&#8221;None&#8221; animation_movement_type=&#8221;transform_y&#8221; hover_animation=&#8221;none&#8221; alignment=&#8221;&#8221; border_radius=&#8221;none&#8221; box_shadow=&#8221;none&#8221; image_loading=&#8221;default&#8221; max_width=&#8221;100%&#8221; max_width_mobile=&#8221;default&#8221;][\/vc_column_inner][\/vc_row_inner][image_with_animation image_size=&#8221;full&#8221; animation_type=&#8221;entrance&#8221; animation=&#8221;None&#8221; animation_movement_type=&#8221;transform_y&#8221; hover_animation=&#8221;none&#8221; alignment=&#8221;&#8221; border_radius=&#8221;none&#8221; box_shadow=&#8221;none&#8221; image_loading=&#8221;default&#8221; max_width=&#8221;100%&#8221; max_width_mobile=&#8221;default&#8221;][\/vc_column][vc_column top_padding_desktop=&#8221;4vw&#8221; constrain_group_100=&#8221;yes&#8221; bottom_padding_desktop=&#8221;4vw&#8221; left_padding_desktop=&#8221;4vw&#8221; constrain_group_101=&#8221;yes&#8221; right_padding_desktop=&#8221;4vw&#8221; top_padding_tablet=&#8221;8vw&#8221; constrain_group_102=&#8221;yes&#8221; bottom_padding_tablet=&#8221;8vw&#8221; left_padding_tablet=&#8221;8vw&#8221; constrain_group_103=&#8221;yes&#8221; right_padding_tablet=&#8221;8vw&#8221; column_element_direction_desktop=&#8221;default&#8221; column_element_spacing=&#8221;20px&#8221; desktop_text_alignment=&#8221;default&#8221; tablet_text_alignment=&#8221;default&#8221; phone_text_alignment=&#8221;default&#8221; background_color=&#8221;#ffffff&#8221; background_color_opacity=&#8221;1&#8243; background_hover_color_opacity=&#8221;1&#8243; column_backdrop_filter=&#8221;none&#8221; font_color=&#8221;#000000&#8243; column_shadow=&#8221;none&#8221; column_border_radius=&#8221;15px&#8221; column_link_target=&#8221;_self&#8221; column_position=&#8221;default&#8221; advanced_gradient_angle=&#8221;0&#8243; gradient_direction=&#8221;left_to_right&#8221; overlay_strength=&#8221;0.3&#8243; width=&#8221;5\/12&#8243; tablet_width_inherit=&#8221;default&#8221; animation_type=&#8221;default&#8221; bg_image_animation=&#8221;none&#8221; border_type=&#8221;simple&#8221; column_border_width=&#8221;none&#8221; column_border_color=&#8221;rgba(0,0,0,0.15)&#8221; column_border_style=&#8221;solid&#8221; gradient_type=&#8221;default&#8221; column_padding_type=&#8221;advanced&#8221;][vc_row_inner column_margin=&#8221;default&#8221; column_direction=&#8221;default&#8221; column_direction_tablet=&#8221;default&#8221; column_direction_phone=&#8221;default&#8221; text_align=&#8221;left&#8221; row_position=&#8221;default&#8221; row_position_tablet=&#8221;inherit&#8221; row_position_phone=&#8221;inherit&#8221; overflow=&#8221;visible&#8221; pointer_events=&#8221;all&#8221;][vc_column_inner right_padding_tablet=&#8221;33vw&#8221; right_padding_phone=&#8221;0&#8243; column_element_direction_desktop=&#8221;default&#8221; column_element_spacing=&#8221;10px&#8221; desktop_text_alignment=&#8221;default&#8221; tablet_text_alignment=&#8221;default&#8221; phone_text_alignment=&#8221;default&#8221; background_color_opacity=&#8221;1&#8243; background_hover_color_opacity=&#8221;1&#8243; column_backdrop_filter=&#8221;none&#8221; font_color=&#8221;#000000&#8243; column_shadow=&#8221;none&#8221; column_border_radius=&#8221;none&#8221; column_link_target=&#8221;_self&#8221; overflow=&#8221;visible&#8221; advanced_gradient_angle=&#8221;0&#8243; gradient_direction=&#8221;left_to_right&#8221; overlay_strength=&#8221;0.3&#8243; width=&#8221;1\/1&#8243; tablet_width_inherit=&#8221;default&#8221; animation_type=&#8221;default&#8221; bg_image_animation=&#8221;none&#8221; border_type=&#8221;simple&#8221; column_border_width=&#8221;none&#8221; column_border_style=&#8221;solid&#8221; gradient_type=&#8221;default&#8221; column_padding_type=&#8221;advanced&#8221;][vc_column_text css=&#8221;.vc_custom_1776763714162{border-radius: 4px !important;border-color: #000000 !important;}&#8221; text_direction=&#8221;default&#8221;]\n<p style=\"text-align: left;\"><span style=\"color: #808080;\"><b><span style=\"color: #99cc00;\">ACR\u00d3NIMO:<\/span><br \/>\n<\/b>GreenFerm<\/span><\/p>\n<p style=\"text-align: left;\"><span style=\"color: #808080;\"><b><span style=\"color: #99cc00;\">C\u00d3DIGO DE OPERA\u00c7\u00c3O:<\/span><br \/>\n<\/b>COMPETE2030-FEDER-02964700, ALGARVE-FEDER-02964700<\/span><\/p>\n<p style=\"text-align: left;\"><span style=\"color: #808080;\"><b><span style=\"color: #99cc00;\">PROGRAMA:<\/span><br \/>\n<\/b>SIID \u2013 I&amp;D Empresarial \u2013 Opera\u00e7\u00f5es Individuais ou em Copromo\u00e7\u00e3o \u2013 MPr-2025-4<\/span><\/p>\n<p style=\"text-align: left;\"><span style=\"color: #808080;\"><b><span style=\"color: #99cc00;\">ESTADO:<\/span><br \/>\n<\/b>Ativo<\/span><\/p>\n<p><span style=\"color: #808080;\"><b><span style=\"color: #99cc00;\">DURA\u00c7\u00c3O:<\/span><br \/>\n<\/b>01\/04\/2026 &#8211; 31\/03\/2029<\/span><\/p>\n<p><span style=\"color: #808080;\"><span style=\"color: #99cc00;\"><strong>L\u00cdDER:<\/strong><\/span><b><br \/>\n<\/b>Allmicroalgae \u2013 Natural Products, S.A.<\/span><\/p>\n<h1 class=\"elementor-heading-title elementor-size-default\" style=\"text-align: left;\"><\/h1>\n[\/vc_column_text][image_with_animation image_url=&#8221;5461&#8243; image_size=&#8221;large&#8221; animation_type=&#8221;entrance&#8221; animation=&#8221;None&#8221; animation_movement_type=&#8221;transform_y&#8221; hover_animation=&#8221;none&#8221; alignment=&#8221;center&#8221; border_radius=&#8221;none&#8221; box_shadow=&#8221;none&#8221; image_loading=&#8221;default&#8221; max_width=&#8221;100%&#8221; max_width_mobile=&#8221;default&#8221;][\/vc_column_inner][\/vc_row_inner][nectar_btn size=&#8221;large&#8221; open_new_tab=&#8221;true&#8221; button_style=&#8221;regular&#8221; button_color_2=&#8221;Extra-Color-2&#8243; icon_family=&#8221;none&#8221; text=&#8221;FICHA DO PROJETO&#8221; url=&#8221;https:\/\/www.allmicroalgae.com\/wp-content\/uploads\/2026\/04\/Ficha_de_OperacaoA4_GreenFerm.pdf&#8221;][\/vc_column][\/vc_row]\n","protected":false},"excerpt":{"rendered":"<p>[vc_row type=&#8221;full_width_content&#8221; full_screen_row_position=&#8221;middle&#8221; column_margin=&#8221;20px&#8221; equal_height=&#8221;yes&#8221; content_placement=&#8221;top&#8221; column_direction=&#8221;default&#8221; column_direction_tablet=&#8221;default&#8221; column_direction_phone=&#8221;default&#8221; bg_color=&#8221;#f0f2f6&#8243; scene_position=&#8221;center&#8221; top_padding=&#8221;4%&#8221; constrain_group_1=&#8221;yes&#8221; bottom_padding=&#8221;4%&#8221; left_padding_desktop=&#8221;5%&#8221; constrain_group_2=&#8221;yes&#8221; right_padding_desktop=&#8221;5%&#8221; left_padding_phone=&#8221;14px&#8221; constrain_group_6=&#8221;yes&#8221; right_padding_phone=&#8221;14px&#8221; text_color=&#8221;dark&#8221; text_align=&#8221;left&#8221; row_border_radius=&#8221;none&#8221; row_border_radius_applies=&#8221;bg&#8221; zindex=&#8221;10&#8243; overflow=&#8221;visible&#8221; advanced_gradient_angle=&#8221;0&#8243; overlay_strength=&#8221;0.3&#8243; gradient_direction=&#8221;left_to_right&#8221; shape_divider_position=&#8221;bottom&#8221;&#8230;<\/p>\n","protected":false},"author":6,"featured_media":5558,"parent":0,"menu_order":0,"comment_status":"closed","ping_status":"closed","template":"","meta":{"footnotes":""},"class_list":["post-5570","page","type-page","status-publish","has-post-thumbnail"],"yoast_head":"<!-- This site is optimized with the Yoast SEO plugin v27.5 - https:\/\/yoast.com\/product\/yoast-seo-wordpress\/ -->\n<title>Projeto GreenFerm - Allmicroalgae<\/title>\n<meta name=\"description\" content=\"O projeto GreenFerm tem como objetivo sustentabilidade revolucionar a produ\u00e7\u00e3o de microalgas atrav\u00e9s da otimiza\u00e7\u00e3o do cultivo heterotr\u00f3fico. Reduzir significativamente a pegada ambiental e os custos de produ\u00e7\u00e3o da biomassa de microalgas, baseando o processo num modelo circular.\" \/>\n<meta name=\"robots\" content=\"index, follow, max-snippet:-1, max-image-preview:large, max-video-preview:-1\" \/>\n<link rel=\"canonical\" href=\"https:\/\/www.allmicroalgae.com\/pt-pt\/projeto-greenferm\/\" \/>\n<meta property=\"og:locale\" content=\"pt_PT\" \/>\n<meta property=\"og:type\" content=\"article\" \/>\n<meta property=\"og:title\" content=\"Projeto GreenFerm - Allmicroalgae\" \/>\n<meta property=\"og:description\" content=\"O projeto GreenFerm tem como objetivo sustentabilidade revolucionar a produ\u00e7\u00e3o de microalgas atrav\u00e9s da otimiza\u00e7\u00e3o do cultivo heterotr\u00f3fico. Reduzir significativamente a pegada ambiental e os custos de produ\u00e7\u00e3o da biomassa de microalgas, baseando o processo num modelo circular.\" \/>\n<meta property=\"og:url\" content=\"https:\/\/www.allmicroalgae.com\/pt-pt\/projeto-greenferm\/\" \/>\n<meta property=\"og:site_name\" content=\"Allmicroalgae\" \/>\n<meta property=\"article:modified_time\" content=\"2026-04-21T09:51:23+00:00\" \/>\n<meta property=\"og:image\" content=\"https:\/\/www.allmicroalgae.com\/wp-content\/uploads\/2026\/04\/GreenFerm-Logo_sem-fundo-1-e1776760015380.png\" \/>\n\t<meta property=\"og:image:width\" content=\"2000\" \/>\n\t<meta property=\"og:image:height\" content=\"2000\" \/>\n\t<meta property=\"og:image:type\" content=\"image\/png\" \/>\n<meta name=\"twitter:card\" content=\"summary_large_image\" \/>\n<meta name=\"twitter:label1\" content=\"Tempo estimado de leitura\" \/>\n\t<meta name=\"twitter:data1\" content=\"2 minutos\" \/>\n<script type=\"application\/ld+json\" class=\"yoast-schema-graph\">{\"@context\":\"https:\\\/\\\/schema.org\",\"@graph\":[{\"@type\":\"WebPage\",\"@id\":\"https:\\\/\\\/www.allmicroalgae.com\\\/pt-pt\\\/projeto-greenferm\\\/\",\"url\":\"https:\\\/\\\/www.allmicroalgae.com\\\/pt-pt\\\/projeto-greenferm\\\/\",\"name\":\"Projeto GreenFerm - Allmicroalgae\",\"isPartOf\":{\"@id\":\"https:\\\/\\\/www.allmicroalgae.com\\\/en\\\/#website\"},\"primaryImageOfPage\":{\"@id\":\"https:\\\/\\\/www.allmicroalgae.com\\\/pt-pt\\\/projeto-greenferm\\\/#primaryimage\"},\"image\":{\"@id\":\"https:\\\/\\\/www.allmicroalgae.com\\\/pt-pt\\\/projeto-greenferm\\\/#primaryimage\"},\"thumbnailUrl\":\"https:\\\/\\\/www.allmicroalgae.com\\\/wp-content\\\/uploads\\\/2026\\\/04\\\/GreenFerm-Logo_sem-fundo-1-e1776760015380.png\",\"datePublished\":\"2026-03-17T15:24:56+00:00\",\"dateModified\":\"2026-04-21T09:51:23+00:00\",\"description\":\"O projeto GreenFerm tem como objetivo sustentabilidade revolucionar a produ\u00e7\u00e3o de microalgas atrav\u00e9s da otimiza\u00e7\u00e3o do cultivo heterotr\u00f3fico. Reduzir significativamente a pegada ambiental e os custos de produ\u00e7\u00e3o da biomassa de microalgas, baseando o processo num modelo circular.\",\"breadcrumb\":{\"@id\":\"https:\\\/\\\/www.allmicroalgae.com\\\/pt-pt\\\/projeto-greenferm\\\/#breadcrumb\"},\"inLanguage\":\"pt-PT\",\"potentialAction\":[{\"@type\":\"ReadAction\",\"target\":[\"https:\\\/\\\/www.allmicroalgae.com\\\/pt-pt\\\/projeto-greenferm\\\/\"]}]},{\"@type\":\"ImageObject\",\"inLanguage\":\"pt-PT\",\"@id\":\"https:\\\/\\\/www.allmicroalgae.com\\\/pt-pt\\\/projeto-greenferm\\\/#primaryimage\",\"url\":\"https:\\\/\\\/www.allmicroalgae.com\\\/wp-content\\\/uploads\\\/2026\\\/04\\\/GreenFerm-Logo_sem-fundo-1-e1776760015380.png\",\"contentUrl\":\"https:\\\/\\\/www.allmicroalgae.com\\\/wp-content\\\/uploads\\\/2026\\\/04\\\/GreenFerm-Logo_sem-fundo-1-e1776760015380.png\",\"width\":2000,\"height\":2000},{\"@type\":\"BreadcrumbList\",\"@id\":\"https:\\\/\\\/www.allmicroalgae.com\\\/pt-pt\\\/projeto-greenferm\\\/#breadcrumb\",\"itemListElement\":[{\"@type\":\"ListItem\",\"position\":1,\"name\":\"Home\",\"item\":\"https:\\\/\\\/www.allmicroalgae.com\\\/en\\\/\"},{\"@type\":\"ListItem\",\"position\":2,\"name\":\"Projeto GreenFerm\"}]},{\"@type\":\"WebSite\",\"@id\":\"https:\\\/\\\/www.allmicroalgae.com\\\/en\\\/#website\",\"url\":\"https:\\\/\\\/www.allmicroalgae.com\\\/en\\\/\",\"name\":\"Allmicroalgae\",\"description\":\"Cultivating Sustainable Microalgae Solutions\",\"potentialAction\":[{\"@type\":\"SearchAction\",\"target\":{\"@type\":\"EntryPoint\",\"urlTemplate\":\"https:\\\/\\\/www.allmicroalgae.com\\\/en\\\/?s={search_term_string}\"},\"query-input\":{\"@type\":\"PropertyValueSpecification\",\"valueRequired\":true,\"valueName\":\"search_term_string\"}}],\"inLanguage\":\"pt-PT\"}]}<\/script>\n<!-- \/ Yoast SEO plugin. -->","yoast_head_json":{"title":"Projeto GreenFerm - Allmicroalgae","description":"O projeto GreenFerm tem como objetivo sustentabilidade revolucionar a produ\u00e7\u00e3o de microalgas atrav\u00e9s da otimiza\u00e7\u00e3o do cultivo heterotr\u00f3fico. Reduzir significativamente a pegada ambiental e os custos de produ\u00e7\u00e3o da biomassa de microalgas, baseando o processo num modelo circular.","robots":{"index":"index","follow":"follow","max-snippet":"max-snippet:-1","max-image-preview":"max-image-preview:large","max-video-preview":"max-video-preview:-1"},"canonical":"https:\/\/www.allmicroalgae.com\/pt-pt\/projeto-greenferm\/","og_locale":"pt_PT","og_type":"article","og_title":"Projeto GreenFerm - Allmicroalgae","og_description":"O projeto GreenFerm tem como objetivo sustentabilidade revolucionar a produ\u00e7\u00e3o de microalgas atrav\u00e9s da otimiza\u00e7\u00e3o do cultivo heterotr\u00f3fico. Reduzir significativamente a pegada ambiental e os custos de produ\u00e7\u00e3o da biomassa de microalgas, baseando o processo num modelo circular.","og_url":"https:\/\/www.allmicroalgae.com\/pt-pt\/projeto-greenferm\/","og_site_name":"Allmicroalgae","article_modified_time":"2026-04-21T09:51:23+00:00","og_image":[{"width":2000,"height":2000,"url":"https:\/\/www.allmicroalgae.com\/wp-content\/uploads\/2026\/04\/GreenFerm-Logo_sem-fundo-1-e1776760015380.png","type":"image\/png"}],"twitter_card":"summary_large_image","twitter_misc":{"Tempo estimado de leitura":"2 minutos"},"schema":{"@context":"https:\/\/schema.org","@graph":[{"@type":"WebPage","@id":"https:\/\/www.allmicroalgae.com\/pt-pt\/projeto-greenferm\/","url":"https:\/\/www.allmicroalgae.com\/pt-pt\/projeto-greenferm\/","name":"Projeto GreenFerm - Allmicroalgae","isPartOf":{"@id":"https:\/\/www.allmicroalgae.com\/en\/#website"},"primaryImageOfPage":{"@id":"https:\/\/www.allmicroalgae.com\/pt-pt\/projeto-greenferm\/#primaryimage"},"image":{"@id":"https:\/\/www.allmicroalgae.com\/pt-pt\/projeto-greenferm\/#primaryimage"},"thumbnailUrl":"https:\/\/www.allmicroalgae.com\/wp-content\/uploads\/2026\/04\/GreenFerm-Logo_sem-fundo-1-e1776760015380.png","datePublished":"2026-03-17T15:24:56+00:00","dateModified":"2026-04-21T09:51:23+00:00","description":"O projeto GreenFerm tem como objetivo sustentabilidade revolucionar a produ\u00e7\u00e3o de microalgas atrav\u00e9s da otimiza\u00e7\u00e3o do cultivo heterotr\u00f3fico. Reduzir significativamente a pegada ambiental e os custos de produ\u00e7\u00e3o da biomassa de microalgas, baseando o processo num modelo circular.","breadcrumb":{"@id":"https:\/\/www.allmicroalgae.com\/pt-pt\/projeto-greenferm\/#breadcrumb"},"inLanguage":"pt-PT","potentialAction":[{"@type":"ReadAction","target":["https:\/\/www.allmicroalgae.com\/pt-pt\/projeto-greenferm\/"]}]},{"@type":"ImageObject","inLanguage":"pt-PT","@id":"https:\/\/www.allmicroalgae.com\/pt-pt\/projeto-greenferm\/#primaryimage","url":"https:\/\/www.allmicroalgae.com\/wp-content\/uploads\/2026\/04\/GreenFerm-Logo_sem-fundo-1-e1776760015380.png","contentUrl":"https:\/\/www.allmicroalgae.com\/wp-content\/uploads\/2026\/04\/GreenFerm-Logo_sem-fundo-1-e1776760015380.png","width":2000,"height":2000},{"@type":"BreadcrumbList","@id":"https:\/\/www.allmicroalgae.com\/pt-pt\/projeto-greenferm\/#breadcrumb","itemListElement":[{"@type":"ListItem","position":1,"name":"Home","item":"https:\/\/www.allmicroalgae.com\/en\/"},{"@type":"ListItem","position":2,"name":"Projeto GreenFerm"}]},{"@type":"WebSite","@id":"https:\/\/www.allmicroalgae.com\/en\/#website","url":"https:\/\/www.allmicroalgae.com\/en\/","name":"Allmicroalgae","description":"Cultivating Sustainable Microalgae Solutions","potentialAction":[{"@type":"SearchAction","target":{"@type":"EntryPoint","urlTemplate":"https:\/\/www.allmicroalgae.com\/en\/?s={search_term_string}"},"query-input":{"@type":"PropertyValueSpecification","valueRequired":true,"valueName":"search_term_string"}}],"inLanguage":"pt-PT"}]}},"_links":{"self":[{"href":"https:\/\/www.allmicroalgae.com\/pt-pt\/wp-json\/wp\/v2\/pages\/5570","targetHints":{"allow":["GET"]}}],"collection":[{"href":"https:\/\/www.allmicroalgae.com\/pt-pt\/wp-json\/wp\/v2\/pages"}],"about":[{"href":"https:\/\/www.allmicroalgae.com\/pt-pt\/wp-json\/wp\/v2\/types\/page"}],"author":[{"embeddable":true,"href":"https:\/\/www.allmicroalgae.com\/pt-pt\/wp-json\/wp\/v2\/users\/6"}],"replies":[{"embeddable":true,"href":"https:\/\/www.allmicroalgae.com\/pt-pt\/wp-json\/wp\/v2\/comments?post=5570"}],"version-history":[{"count":4,"href":"https:\/\/www.allmicroalgae.com\/pt-pt\/wp-json\/wp\/v2\/pages\/5570\/revisions"}],"predecessor-version":[{"id":5577,"href":"https:\/\/www.allmicroalgae.com\/pt-pt\/wp-json\/wp\/v2\/pages\/5570\/revisions\/5577"}],"wp:featuredmedia":[{"embeddable":true,"href":"https:\/\/www.allmicroalgae.com\/pt-pt\/wp-json\/wp\/v2\/media\/5558"}],"wp:attachment":[{"href":"https:\/\/www.allmicroalgae.com\/pt-pt\/wp-json\/wp\/v2\/media?parent=5570"}],"curies":[{"name":"wp","href":"https:\/\/api.w.org\/{rel}","templated":true}]}}