{"id":5495,"date":"2026-03-17T15:24:56","date_gmt":"2026-03-17T15:24:56","guid":{"rendered":"https:\/\/www.allmicroalgae.com\/?page_id=5495"},"modified":"2026-04-21T11:00:45","modified_gmt":"2026-04-21T11:00:45","slug":"projeto-algaelicious","status":"publish","type":"page","link":"https:\/\/www.allmicroalgae.com\/pt-pt\/projeto-algaelicious\/","title":{"rendered":"Projeto Algaelicious"},"content":{"rendered":"[vc_row type=&#8221;full_width_content&#8221; full_screen_row_position=&#8221;middle&#8221; column_margin=&#8221;20px&#8221; equal_height=&#8221;yes&#8221; content_placement=&#8221;top&#8221; column_direction=&#8221;default&#8221; column_direction_tablet=&#8221;default&#8221; column_direction_phone=&#8221;default&#8221; bg_color=&#8221;#f0f2f6&#8243; scene_position=&#8221;center&#8221; top_padding=&#8221;4%&#8221; constrain_group_1=&#8221;yes&#8221; bottom_padding=&#8221;4%&#8221; left_padding_desktop=&#8221;5%&#8221; constrain_group_2=&#8221;yes&#8221; right_padding_desktop=&#8221;5%&#8221; left_padding_phone=&#8221;14px&#8221; constrain_group_6=&#8221;yes&#8221; right_padding_phone=&#8221;14px&#8221; text_color=&#8221;dark&#8221; text_align=&#8221;left&#8221; row_border_radius=&#8221;none&#8221; row_border_radius_applies=&#8221;bg&#8221; zindex=&#8221;10&#8243; overflow=&#8221;visible&#8221; advanced_gradient_angle=&#8221;0&#8243; overlay_strength=&#8221;0.3&#8243; gradient_direction=&#8221;left_to_right&#8221; shape_divider_position=&#8221;bottom&#8221; bg_image_animation=&#8221;none&#8221; shape_type=&#8221;&#8221; gradient_type=&#8221;default&#8221;][vc_column top_padding_desktop=&#8221;4vw&#8221; constrain_group_100=&#8221;yes&#8221; bottom_padding_desktop=&#8221;4vw&#8221; left_padding_desktop=&#8221;4vw&#8221; constrain_group_101=&#8221;yes&#8221; right_padding_desktop=&#8221;4vw&#8221; top_padding_tablet=&#8221;8vw&#8221; constrain_group_102=&#8221;yes&#8221; bottom_padding_tablet=&#8221;8vw&#8221; left_padding_tablet=&#8221;8vw&#8221; constrain_group_103=&#8221;yes&#8221; right_padding_tablet=&#8221;8vw&#8221; bottom_margin_tablet=&#8221;20&#8243; column_element_direction_desktop=&#8221;default&#8221; column_element_spacing=&#8221;0px&#8221; desktop_text_alignment=&#8221;default&#8221; tablet_text_alignment=&#8221;default&#8221; phone_text_alignment=&#8221;default&#8221; background_color=&#8221;#ffffff&#8221; background_color_opacity=&#8221;1&#8243; background_hover_color_opacity=&#8221;1&#8243; column_backdrop_filter=&#8221;none&#8221; column_shadow=&#8221;none&#8221; column_border_radius=&#8221;15px&#8221; column_link_target=&#8221;_self&#8221; column_position=&#8221;default&#8221; overflow=&#8221;hidden&#8221; advanced_gradient_angle=&#8221;0&#8243; gradient_direction=&#8221;left_to_right&#8221; overlay_strength=&#8221;0.3&#8243; width=&#8221;7\/12&#8243; tablet_width_inherit=&#8221;default&#8221; animation_type=&#8221;default&#8221; bg_image_animation=&#8221;none&#8221; border_type=&#8221;simple&#8221; column_border_width=&#8221;none&#8221; column_border_color=&#8221;rgba(10,10,10,0.1)&#8221; column_border_style=&#8221;solid&#8221; gradient_type=&#8221;default&#8221; column_padding_type=&#8221;advanced&#8221;][image_with_animation image_url=&#8221;5457&#8243; image_size=&#8221;full&#8221; animation_type=&#8221;entrance&#8221; animation=&#8221;None&#8221; animation_movement_type=&#8221;transform_y&#8221; hover_animation=&#8221;none&#8221; alignment=&#8221;&#8221; border_radius=&#8221;none&#8221; box_shadow=&#8221;none&#8221; image_loading=&#8221;default&#8221; max_width=&#8221;100%&#8221; max_width_mobile=&#8221;default&#8221;][divider line_type=&#8221;No Line&#8221;][image_with_animation image_size=&#8221;full&#8221; animation_type=&#8221;entrance&#8221; animation=&#8221;None&#8221; animation_movement_type=&#8221;transform_y&#8221; hover_animation=&#8221;none&#8221; alignment=&#8221;&#8221; border_radius=&#8221;none&#8221; box_shadow=&#8221;none&#8221; image_loading=&#8221;default&#8221; max_width=&#8221;100%&#8221; max_width_mobile=&#8221;default&#8221;][vc_row_inner column_margin=&#8221;custom&#8221; column_direction=&#8221;default&#8221; column_direction_tablet=&#8221;default&#8221; column_direction_phone=&#8221;default&#8221; text_align=&#8221;left&#8221; row_position=&#8221;default&#8221; row_position_tablet=&#8221;inherit&#8221; row_position_phone=&#8221;inherit&#8221; overflow=&#8221;visible&#8221; pointer_events=&#8221;all&#8221;][vc_column_inner column_padding=&#8221;no-extra-padding&#8221; column_padding_tablet=&#8221;inherit&#8221; column_padding_phone=&#8221;inherit&#8221; column_padding_position=&#8221;all&#8221; column_element_direction_desktop=&#8221;default&#8221; column_element_spacing=&#8221;default&#8221; desktop_text_alignment=&#8221;default&#8221; tablet_text_alignment=&#8221;default&#8221; phone_text_alignment=&#8221;default&#8221; background_color_opacity=&#8221;1&#8243; background_hover_color_opacity=&#8221;1&#8243; column_backdrop_filter=&#8221;none&#8221; column_shadow=&#8221;none&#8221; column_border_radius=&#8221;none&#8221; column_link_target=&#8221;_self&#8221; overflow=&#8221;visible&#8221; gradient_direction=&#8221;left_to_right&#8221; overlay_strength=&#8221;0.3&#8243; width=&#8221;1\/1&#8243; tablet_width_inherit=&#8221;default&#8221; animation_type=&#8221;default&#8221; bg_image_animation=&#8221;none&#8221; border_type=&#8221;simple&#8221; column_border_width=&#8221;none&#8221; column_border_style=&#8221;solid&#8221;][nectar_responsive_text inherited_font_style=&#8221;default&#8221; text_direction=&#8221;default&#8221;]<span style=\"color: #808080;\"><b>ALGAELICIOUS<\/b> tem como objetivo otimizar as propriedades nutricionais, tecno-funcionais e sensoriais da microalga <i>Chlorella<\/i>. O projeto junta investiga\u00e7\u00e3o cient\u00edfica e produ\u00e7\u00e3o industrial para facilitar a integra\u00e7\u00e3o das microalgas na alimenta\u00e7\u00e3o do dia a dia. <\/span><\/p>\n<p><span style=\"color: #808080;\">Foca-se no desenvolvimento de novos ingredientes e prot\u00f3tipos alimentares potenciando a inova\u00e7\u00e3o em nutri\u00e7\u00e3o, funcionalidade e sabor.<\/span>[\/nectar_responsive_text][vc_column_text css=&#8221;&#8221; text_direction=&#8221;default&#8221;]\n<h6><strong><span style=\"color: #008000;\">Copromotores:<\/span><\/strong><\/h6>\n[\/vc_column_text][nectar_responsive_text inherited_font_style=&#8221;default&#8221; text_direction=&#8221;default&#8221;]<span style=\"color: #808080;\">Associa\u00e7\u00e3o COLAB4FOOD &#8211; Laborat\u00f3rio Colaborativo para a Inova\u00e7\u00e3o da Ind\u00fastria Agroalimentar; GREENCOLAB &#8211; Associa\u00e7\u00e3o Oceano Verde &#8211; Laborat\u00f3rio Colaborativo para o Desenvolvimento de Tecnologias e Produtos Verdes do Oceano; Universidade de Aveiro; Universidade do Minho<\/span>[\/nectar_responsive_text][image_with_animation image_url=&#8221;5465&#8243; image_size=&#8221;full&#8221; animation_type=&#8221;entrance&#8221; animation=&#8221;None&#8221; animation_movement_type=&#8221;transform_y&#8221; hover_animation=&#8221;none&#8221; alignment=&#8221;&#8221; border_radius=&#8221;none&#8221; box_shadow=&#8221;none&#8221; image_loading=&#8221;default&#8221; max_width=&#8221;100%&#8221; max_width_mobile=&#8221;default&#8221;][divider line_type=&#8221;No Line&#8221;][vc_column_text css=&#8221;&#8221; text_direction=&#8221;default&#8221;]\n<h6><span style=\"color: #808080;\"><span style=\"color: #008000;\"><strong>Parceiros:<\/strong><\/span><\/span><\/h6>\n[\/vc_column_text][nectar_responsive_text inherited_font_style=&#8221;default&#8221; text_direction=&#8221;default&#8221;]<span style=\"color: #808080;\">ISA &#8211; Instituto Superior de Agronomia; FRULACT; SUPERBOCK<\/span>[\/nectar_responsive_text][image_with_animation image_size=&#8221;full&#8221; animation_type=&#8221;entrance&#8221; animation=&#8221;None&#8221; animation_movement_type=&#8221;transform_y&#8221; hover_animation=&#8221;none&#8221; alignment=&#8221;&#8221; border_radius=&#8221;none&#8221; box_shadow=&#8221;none&#8221; image_loading=&#8221;default&#8221; max_width=&#8221;100%&#8221; max_width_mobile=&#8221;default&#8221;][image_with_animation image_url=&#8221;5467&#8243; image_size=&#8221;full&#8221; animation_type=&#8221;entrance&#8221; animation=&#8221;None&#8221; animation_movement_type=&#8221;transform_y&#8221; hover_animation=&#8221;none&#8221; alignment=&#8221;&#8221; border_radius=&#8221;none&#8221; box_shadow=&#8221;none&#8221; image_loading=&#8221;default&#8221; max_width=&#8221;100%&#8221; max_width_mobile=&#8221;default&#8221;][\/vc_column_inner][\/vc_row_inner][image_with_animation image_size=&#8221;full&#8221; animation_type=&#8221;entrance&#8221; animation=&#8221;None&#8221; animation_movement_type=&#8221;transform_y&#8221; hover_animation=&#8221;none&#8221; alignment=&#8221;&#8221; border_radius=&#8221;none&#8221; box_shadow=&#8221;none&#8221; image_loading=&#8221;default&#8221; max_width=&#8221;100%&#8221; max_width_mobile=&#8221;default&#8221;][\/vc_column][vc_column top_padding_desktop=&#8221;4vw&#8221; constrain_group_100=&#8221;yes&#8221; bottom_padding_desktop=&#8221;4vw&#8221; left_padding_desktop=&#8221;4vw&#8221; constrain_group_101=&#8221;yes&#8221; right_padding_desktop=&#8221;4vw&#8221; top_padding_tablet=&#8221;8vw&#8221; constrain_group_102=&#8221;yes&#8221; bottom_padding_tablet=&#8221;8vw&#8221; left_padding_tablet=&#8221;8vw&#8221; constrain_group_103=&#8221;yes&#8221; right_padding_tablet=&#8221;8vw&#8221; column_element_direction_desktop=&#8221;default&#8221; column_element_spacing=&#8221;20px&#8221; desktop_text_alignment=&#8221;default&#8221; tablet_text_alignment=&#8221;default&#8221; phone_text_alignment=&#8221;default&#8221; background_color=&#8221;#ffffff&#8221; background_color_opacity=&#8221;1&#8243; background_hover_color_opacity=&#8221;1&#8243; column_backdrop_filter=&#8221;none&#8221; font_color=&#8221;#000000&#8243; column_shadow=&#8221;none&#8221; column_border_radius=&#8221;15px&#8221; column_link_target=&#8221;_self&#8221; column_position=&#8221;default&#8221; advanced_gradient_angle=&#8221;0&#8243; gradient_direction=&#8221;left_to_right&#8221; overlay_strength=&#8221;0.3&#8243; width=&#8221;5\/12&#8243; tablet_width_inherit=&#8221;default&#8221; animation_type=&#8221;default&#8221; bg_image_animation=&#8221;none&#8221; border_type=&#8221;simple&#8221; column_border_width=&#8221;none&#8221; column_border_color=&#8221;rgba(0,0,0,0.15)&#8221; column_border_style=&#8221;solid&#8221; gradient_type=&#8221;default&#8221; column_padding_type=&#8221;advanced&#8221;][vc_row_inner column_margin=&#8221;default&#8221; column_direction=&#8221;default&#8221; column_direction_tablet=&#8221;default&#8221; column_direction_phone=&#8221;default&#8221; text_align=&#8221;left&#8221; row_position=&#8221;default&#8221; row_position_tablet=&#8221;inherit&#8221; row_position_phone=&#8221;inherit&#8221; overflow=&#8221;visible&#8221; pointer_events=&#8221;all&#8221;][vc_column_inner right_padding_tablet=&#8221;33vw&#8221; right_padding_phone=&#8221;0&#8243; column_element_direction_desktop=&#8221;default&#8221; column_element_spacing=&#8221;10px&#8221; desktop_text_alignment=&#8221;default&#8221; tablet_text_alignment=&#8221;default&#8221; phone_text_alignment=&#8221;default&#8221; background_color_opacity=&#8221;1&#8243; background_hover_color_opacity=&#8221;1&#8243; column_backdrop_filter=&#8221;none&#8221; font_color=&#8221;#000000&#8243; column_shadow=&#8221;none&#8221; column_border_radius=&#8221;none&#8221; column_link_target=&#8221;_self&#8221; overflow=&#8221;visible&#8221; advanced_gradient_angle=&#8221;0&#8243; gradient_direction=&#8221;left_to_right&#8221; overlay_strength=&#8221;0.3&#8243; width=&#8221;1\/1&#8243; tablet_width_inherit=&#8221;default&#8221; animation_type=&#8221;default&#8221; bg_image_animation=&#8221;none&#8221; border_type=&#8221;simple&#8221; column_border_width=&#8221;none&#8221; column_border_style=&#8221;solid&#8221; gradient_type=&#8221;default&#8221; column_padding_type=&#8221;advanced&#8221;][vc_column_text css=&#8221;.vc_custom_1773762557211{border-radius: 4px !important;border-color: #000000 !important;}&#8221; text_direction=&#8221;default&#8221;]\n<p style=\"text-align: left;\"><span style=\"color: #808080;\"><b><span style=\"color: #008000;\">ACR\u00d3NIMO:<\/span><br \/>\n<\/b>Algaelicious<\/span><\/p>\n<p style=\"text-align: left;\"><span style=\"color: #808080;\"><b><span style=\"color: #008000;\">C\u00d3DIGO DE OPERA\u00c7\u00c3O:<\/span><br \/>\n<\/b>COMPETE2030-FEDER-01495500, ALGARVE-FEDER-01495500<\/span><\/p>\n<p style=\"text-align: left;\"><span style=\"color: #808080;\"><b><span style=\"color: #008000;\">PROGRAMA:<\/span><br \/>\n<\/b>SIID \u2013 I&amp;D Empresarial \u2013 Opera\u00e7\u00f5es em Copromo\u00e7\u00e3o \u2013 MPr-2023-7<\/span><\/p>\n<p style=\"text-align: left;\"><span style=\"color: #808080;\"><b><span style=\"color: #008000;\">ESTADO:<\/span><br \/>\n<\/b>Ativo<\/span><\/p>\n<p><span style=\"color: #808080;\"><b><span style=\"color: #008000;\">DURA\u00c7\u00c3O:<\/span><br \/>\n<\/b>01\/10\/2025 &#8211; 30\/09\/2028<\/span><\/p>\n<p><span style=\"color: #808080;\"><span style=\"color: #008000;\"><strong>L\u00cdDER:<\/strong><\/span><b><br \/>\n<\/b>Allmicroalgae \u2013 Natural Products, S.A.<\/span><\/p>\n<h1 class=\"elementor-heading-title elementor-size-default\" style=\"text-align: left;\"><\/h1>\n[\/vc_column_text][image_with_animation image_url=&#8221;5461&#8243; image_size=&#8221;large&#8221; animation_type=&#8221;entrance&#8221; animation=&#8221;None&#8221; animation_movement_type=&#8221;transform_y&#8221; hover_animation=&#8221;none&#8221; alignment=&#8221;center&#8221; border_radius=&#8221;none&#8221; box_shadow=&#8221;none&#8221; image_loading=&#8221;default&#8221; max_width=&#8221;100%&#8221; max_width_mobile=&#8221;default&#8221;][\/vc_column_inner][\/vc_row_inner][nectar_btn size=&#8221;large&#8221; open_new_tab=&#8221;true&#8221; button_style=&#8221;regular&#8221; button_color_2=&#8221;Accent-Color&#8221; icon_family=&#8221;none&#8221; text=&#8221;FICHA DO PROJETO&#8221; url=&#8221;https:\/\/www.allmicroalgae.com\/wp-content\/uploads\/2026\/03\/Ficha_Operacao_ALGAELICIOUS-22.09.25.pdf&#8221;][nectar_icon icon_family=&#8221;fontawesome&#8221; icon_style=&#8221;default&#8221; icon_color_type=&#8221;color_scheme&#8221; icon_color=&#8221;Extra-Color-3&#8243; open_new_tab=&#8221;true&#8221; icon_padding=&#8221;15px&#8221; pointer_events=&#8221;all&#8221; url=&#8221;https:\/\/www.linkedin.com\/showcase\/algaelicious\/&#8221; icon_fontawesome=&#8221;fa fa-linkedin-square&#8221;][\/vc_column][\/vc_row]\n","protected":false},"excerpt":{"rendered":"<p>[vc_row type=&#8221;full_width_content&#8221; full_screen_row_position=&#8221;middle&#8221; column_margin=&#8221;20px&#8221; equal_height=&#8221;yes&#8221; content_placement=&#8221;top&#8221; column_direction=&#8221;default&#8221; column_direction_tablet=&#8221;default&#8221; column_direction_phone=&#8221;default&#8221; bg_color=&#8221;#f0f2f6&#8243; scene_position=&#8221;center&#8221; top_padding=&#8221;4%&#8221; constrain_group_1=&#8221;yes&#8221; bottom_padding=&#8221;4%&#8221; left_padding_desktop=&#8221;5%&#8221; constrain_group_2=&#8221;yes&#8221; right_padding_desktop=&#8221;5%&#8221; left_padding_phone=&#8221;14px&#8221; constrain_group_6=&#8221;yes&#8221; right_padding_phone=&#8221;14px&#8221; text_color=&#8221;dark&#8221; text_align=&#8221;left&#8221; row_border_radius=&#8221;none&#8221; row_border_radius_applies=&#8221;bg&#8221; zindex=&#8221;10&#8243; overflow=&#8221;visible&#8221; advanced_gradient_angle=&#8221;0&#8243; overlay_strength=&#8221;0.3&#8243; gradient_direction=&#8221;left_to_right&#8221; shape_divider_position=&#8221;bottom&#8221;&#8230;<\/p>\n","protected":false},"author":6,"featured_media":0,"parent":0,"menu_order":0,"comment_status":"closed","ping_status":"closed","template":"","meta":{"footnotes":""},"class_list":["post-5495","page","type-page","status-publish"],"yoast_head":"<!-- This site is optimized with the Yoast SEO plugin v27.5 - https:\/\/yoast.com\/product\/yoast-seo-wordpress\/ -->\n<title>Projeto Algaelicious - Allmicroalgae<\/title>\n<meta name=\"description\" content=\"As microalgas como ingrediente alimentar sustent\u00e1vel: inova\u00e7\u00e3o em nutri\u00e7\u00e3o, funcionalidade e sabor. Desenvolvimento de nova biomassa de microalgas com caracter\u00edsticas otimizadas para consumo humano.\" \/>\n<meta name=\"robots\" content=\"index, follow, max-snippet:-1, max-image-preview:large, max-video-preview:-1\" \/>\n<link rel=\"canonical\" href=\"https:\/\/www.allmicroalgae.com\/pt-pt\/projeto-algaelicious\/\" \/>\n<meta property=\"og:locale\" content=\"pt_PT\" \/>\n<meta property=\"og:type\" content=\"article\" \/>\n<meta property=\"og:title\" content=\"Projeto Algaelicious - Allmicroalgae\" \/>\n<meta property=\"og:description\" content=\"As microalgas como ingrediente alimentar sustent\u00e1vel: inova\u00e7\u00e3o em nutri\u00e7\u00e3o, funcionalidade e sabor. Desenvolvimento de nova biomassa de microalgas com caracter\u00edsticas otimizadas para consumo humano.\" \/>\n<meta property=\"og:url\" content=\"https:\/\/www.allmicroalgae.com\/pt-pt\/projeto-algaelicious\/\" \/>\n<meta property=\"og:site_name\" content=\"Allmicroalgae\" \/>\n<meta property=\"article:modified_time\" content=\"2026-04-21T11:00:45+00:00\" \/>\n<meta name=\"twitter:card\" content=\"summary_large_image\" \/>\n<script type=\"application\/ld+json\" class=\"yoast-schema-graph\">{\"@context\":\"https:\\\/\\\/schema.org\",\"@graph\":[{\"@type\":\"WebPage\",\"@id\":\"https:\\\/\\\/www.allmicroalgae.com\\\/pt-pt\\\/projeto-algaelicious\\\/\",\"url\":\"https:\\\/\\\/www.allmicroalgae.com\\\/pt-pt\\\/projeto-algaelicious\\\/\",\"name\":\"Projeto Algaelicious - Allmicroalgae\",\"isPartOf\":{\"@id\":\"https:\\\/\\\/www.allmicroalgae.com\\\/en\\\/#website\"},\"datePublished\":\"2026-03-17T15:24:56+00:00\",\"dateModified\":\"2026-04-21T11:00:45+00:00\",\"description\":\"As microalgas como ingrediente alimentar sustent\u00e1vel: inova\u00e7\u00e3o em nutri\u00e7\u00e3o, funcionalidade e sabor. Desenvolvimento de nova biomassa de microalgas com caracter\u00edsticas otimizadas para consumo humano.\",\"breadcrumb\":{\"@id\":\"https:\\\/\\\/www.allmicroalgae.com\\\/pt-pt\\\/projeto-algaelicious\\\/#breadcrumb\"},\"inLanguage\":\"pt-PT\",\"potentialAction\":[{\"@type\":\"ReadAction\",\"target\":[\"https:\\\/\\\/www.allmicroalgae.com\\\/pt-pt\\\/projeto-algaelicious\\\/\"]}]},{\"@type\":\"BreadcrumbList\",\"@id\":\"https:\\\/\\\/www.allmicroalgae.com\\\/pt-pt\\\/projeto-algaelicious\\\/#breadcrumb\",\"itemListElement\":[{\"@type\":\"ListItem\",\"position\":1,\"name\":\"Home\",\"item\":\"https:\\\/\\\/www.allmicroalgae.com\\\/en\\\/\"},{\"@type\":\"ListItem\",\"position\":2,\"name\":\"Projeto Algaelicious\"}]},{\"@type\":\"WebSite\",\"@id\":\"https:\\\/\\\/www.allmicroalgae.com\\\/en\\\/#website\",\"url\":\"https:\\\/\\\/www.allmicroalgae.com\\\/en\\\/\",\"name\":\"Allmicroalgae\",\"description\":\"Cultivating Sustainable Microalgae Solutions\",\"potentialAction\":[{\"@type\":\"SearchAction\",\"target\":{\"@type\":\"EntryPoint\",\"urlTemplate\":\"https:\\\/\\\/www.allmicroalgae.com\\\/en\\\/?s={search_term_string}\"},\"query-input\":{\"@type\":\"PropertyValueSpecification\",\"valueRequired\":true,\"valueName\":\"search_term_string\"}}],\"inLanguage\":\"pt-PT\"}]}<\/script>\n<!-- \/ Yoast SEO plugin. -->","yoast_head_json":{"title":"Projeto Algaelicious - Allmicroalgae","description":"As microalgas como ingrediente alimentar sustent\u00e1vel: inova\u00e7\u00e3o em nutri\u00e7\u00e3o, funcionalidade e sabor. Desenvolvimento de nova biomassa de microalgas com caracter\u00edsticas otimizadas para consumo humano.","robots":{"index":"index","follow":"follow","max-snippet":"max-snippet:-1","max-image-preview":"max-image-preview:large","max-video-preview":"max-video-preview:-1"},"canonical":"https:\/\/www.allmicroalgae.com\/pt-pt\/projeto-algaelicious\/","og_locale":"pt_PT","og_type":"article","og_title":"Projeto Algaelicious - Allmicroalgae","og_description":"As microalgas como ingrediente alimentar sustent\u00e1vel: inova\u00e7\u00e3o em nutri\u00e7\u00e3o, funcionalidade e sabor. Desenvolvimento de nova biomassa de microalgas com caracter\u00edsticas otimizadas para consumo humano.","og_url":"https:\/\/www.allmicroalgae.com\/pt-pt\/projeto-algaelicious\/","og_site_name":"Allmicroalgae","article_modified_time":"2026-04-21T11:00:45+00:00","twitter_card":"summary_large_image","schema":{"@context":"https:\/\/schema.org","@graph":[{"@type":"WebPage","@id":"https:\/\/www.allmicroalgae.com\/pt-pt\/projeto-algaelicious\/","url":"https:\/\/www.allmicroalgae.com\/pt-pt\/projeto-algaelicious\/","name":"Projeto Algaelicious - Allmicroalgae","isPartOf":{"@id":"https:\/\/www.allmicroalgae.com\/en\/#website"},"datePublished":"2026-03-17T15:24:56+00:00","dateModified":"2026-04-21T11:00:45+00:00","description":"As microalgas como ingrediente alimentar sustent\u00e1vel: inova\u00e7\u00e3o em nutri\u00e7\u00e3o, funcionalidade e sabor. Desenvolvimento de nova biomassa de microalgas com caracter\u00edsticas otimizadas para consumo humano.","breadcrumb":{"@id":"https:\/\/www.allmicroalgae.com\/pt-pt\/projeto-algaelicious\/#breadcrumb"},"inLanguage":"pt-PT","potentialAction":[{"@type":"ReadAction","target":["https:\/\/www.allmicroalgae.com\/pt-pt\/projeto-algaelicious\/"]}]},{"@type":"BreadcrumbList","@id":"https:\/\/www.allmicroalgae.com\/pt-pt\/projeto-algaelicious\/#breadcrumb","itemListElement":[{"@type":"ListItem","position":1,"name":"Home","item":"https:\/\/www.allmicroalgae.com\/en\/"},{"@type":"ListItem","position":2,"name":"Projeto Algaelicious"}]},{"@type":"WebSite","@id":"https:\/\/www.allmicroalgae.com\/en\/#website","url":"https:\/\/www.allmicroalgae.com\/en\/","name":"Allmicroalgae","description":"Cultivating Sustainable Microalgae Solutions","potentialAction":[{"@type":"SearchAction","target":{"@type":"EntryPoint","urlTemplate":"https:\/\/www.allmicroalgae.com\/en\/?s={search_term_string}"},"query-input":{"@type":"PropertyValueSpecification","valueRequired":true,"valueName":"search_term_string"}}],"inLanguage":"pt-PT"}]}},"_links":{"self":[{"href":"https:\/\/www.allmicroalgae.com\/pt-pt\/wp-json\/wp\/v2\/pages\/5495","targetHints":{"allow":["GET"]}}],"collection":[{"href":"https:\/\/www.allmicroalgae.com\/pt-pt\/wp-json\/wp\/v2\/pages"}],"about":[{"href":"https:\/\/www.allmicroalgae.com\/pt-pt\/wp-json\/wp\/v2\/types\/page"}],"author":[{"embeddable":true,"href":"https:\/\/www.allmicroalgae.com\/pt-pt\/wp-json\/wp\/v2\/users\/6"}],"replies":[{"embeddable":true,"href":"https:\/\/www.allmicroalgae.com\/pt-pt\/wp-json\/wp\/v2\/comments?post=5495"}],"version-history":[{"count":3,"href":"https:\/\/www.allmicroalgae.com\/pt-pt\/wp-json\/wp\/v2\/pages\/5495\/revisions"}],"predecessor-version":[{"id":5600,"href":"https:\/\/www.allmicroalgae.com\/pt-pt\/wp-json\/wp\/v2\/pages\/5495\/revisions\/5600"}],"wp:attachment":[{"href":"https:\/\/www.allmicroalgae.com\/pt-pt\/wp-json\/wp\/v2\/media?parent=5495"}],"curies":[{"name":"wp","href":"https:\/\/api.w.org\/{rel}","templated":true}]}}